{"id":1412,"date":"2023-03-31T01:05:08","date_gmt":"2023-03-31T01:05:08","guid":{"rendered":"http:\/\/phanhiep.thienbinh.net\/?page_id=1412"},"modified":"2023-06-01T03:07:51","modified_gmt":"2023-06-01T03:07:51","slug":"linh-vuc-kinh-doanh","status":"publish","type":"page","link":"https:\/\/phtd.com.vn\/en\/linh-vuc-kinh-doanh\/","title":{"rendered":"L\u0129nh v\u1ef1c kinh doanh"},"content":{"rendered":"\n  <div class=\"banner has-hover\" id=\"banner-389658902\">\n          <div class=\"banner-inner fill\">\n        <div class=\"banner-bg fill\" >\n            <div class=\"bg fill bg-fill \"><\/div>\n                        <div class=\"overlay\"><\/div>            \n                    <\/div>\n\t\t\n        <div class=\"banner-layers container\">\n            <div class=\"fill banner-link\"><\/div>            \n   <div id=\"text-box-428861572\" class=\"text-box banner-layer x50 md-x5 lg-x5 y90 md-y95 lg-y95 res-text\">\n                                <div class=\"text-box-content text dark\">\n              \n              <div class=\"text-inner text-center\">\n                  \n<div class=\"row\"  id=\"row-724259857\">\n\n\t<div id=\"col-1432405586\" class=\"col small-12 large-12\"  >\n\t\t\t\t<div class=\"col-inner\"  >\n\t\t\t\n\t\t\t\n<h1 style=\"text-align: left;\"><strong>L\u0129nh v\u1ef1c kinh doanh<\/strong><\/h1>\n\t\t<\/div>\n\t\t\t\t\t<\/div>\n\n\t\n<\/div>\n              <\/div>\n           <\/div>\n                            \n<style>\n#text-box-428861572 {\n  width: 100%;\n}\n#text-box-428861572 .text-box-content {\n  font-size: 100%;\n}\n@media (min-width:550px) {\n  #text-box-428861572 {\n    width: 77%;\n  }\n}\n<\/style>\n    <\/div>\n \n        <\/div>\n      <\/div>\n\n            \n<style>\n#banner-389658902 {\n  padding-top: 80%;\n}\n#banner-389658902 .bg.bg-loaded {\n  background-image: url(https:\/\/phtd.com.vn\/wp-content\/uploads\/2023\/03\/lich-su-phat-trien.jpg);\n}\n#banner-389658902 .overlay {\n  background-color: rgba(7, 7, 7, 0.558);\n}\n#banner-389658902 .ux-shape-divider--top svg {\n  height: 150px;\n  --divider-top-width: 100%;\n}\n#banner-389658902 .ux-shape-divider--bottom svg {\n  height: 150px;\n  --divider-width: 100%;\n}\n@media (min-width:550px) {\n  #banner-389658902 {\n    padding-top: 30%;\n  }\n}\n<\/style>\n  <\/div>\n\n\n\t<section class=\"section\" id=\"section_646687685\">\n\t\t<div class=\"bg section-bg fill bg-fill  bg-loaded\" >\n\n\t\t\t\n\t\t\t\n\t\t\t\n\n\t\t<\/div>\n\n\t\t\n\n\t\t<div class=\"section-content relative\">\n\t\t\t\n<div class=\"row row-collapse\"  id=\"row-501400633\">\n\n\t<div id=\"col-2094269020\" class=\"col small-12 large-12\"  >\n\t\t\t\t<div class=\"col-inner\"  >\n\t\t\t\n\t\t\t\n<div class=\"container section-title-container\" ><h3 class=\"section-title section-title-normal\"><b><\/b><span class=\"section-title-main\" >Ph\u00e2n ph\u1ed1i<\/span><b><\/b><\/h3><\/div>\n\t\t<\/div>\n\t\t\t\t\t<\/div>\n\n\t\n<\/div>\n<div class=\"row\"  id=\"row-1476456005\">\n\n\t<div id=\"col-1800132216\" class=\"col medium-4 small-12 large-4\"  >\n\t\t\t\t<div class=\"col-inner box-shadow-1\"  >\n\t\t\t\n\t\t\t\n\t<div class=\"box has-hover   has-hover box-text-bottom\" >\n\n\t\t<div class=\"box-image\" >\n\t\t\t\t\t\t<div class=\"image-cover\" style=\"padding-top:56.25%;\">\n\t\t\t\t<img width=\"800\" height=\"480\" src=\"https:\/\/phtd.com.vn\/wp-content\/uploads\/2023\/05\/nghien-cuu-thi-truong-la-gi-2.jpg\" class=\"attachment- size-\" alt=\"\" decoding=\"async\" loading=\"lazy\" srcset=\"https:\/\/phtd.com.vn\/wp-content\/uploads\/2023\/05\/nghien-cuu-thi-truong-la-gi-2.jpg 800w, https:\/\/phtd.com.vn\/wp-content\/uploads\/2023\/05\/nghien-cuu-thi-truong-la-gi-2-667x400.jpg 667w, https:\/\/phtd.com.vn\/wp-content\/uploads\/2023\/05\/nghien-cuu-thi-truong-la-gi-2-768x461.jpg 768w\" sizes=\"(max-width: 800px) 100vw, 800px\" \/>\t\t\t\t\t\t\t\t\t\t\t<\/div>\n\t\t\t\t\t<\/div>\n\n\t\t<div class=\"box-text text-center\" >\n\t\t\t<div class=\"box-text-inner\">\n\t\t\t\t\n<p><strong>Nghi\u00ean c\u1ee9u th\u1ecb tr\u01b0\u1eddng &amp; X\u00e2y d\u1ef1ng chi\u1ebfn l\u01b0\u1ee3c<\/strong><\/p>\n<ul>\n<li style=\"text-align: left;\">Kh\u1ea3o s\u00e1t, nghi\u00ean c\u1ee9u quy m\u00f4 th\u1ecb tr\u01b0\u1eddng<\/li>\n<li style=\"text-align: left;\">T\u1ed5ng h\u1ee3p ph\u00e2n t\u00edch d\u1eef li\u1ec7u &amp; \u0111\u1ed1i th\u1ee7 c\u1ea1nh tranh<\/li>\n<li style=\"text-align: left;\">X\u00e1c \u0111\u1ecbnh ph\u00e2n kh\u00fac v\u00e0 l\u1ef1a ch\u1ecdn th\u1ecb tr\u01b0\u1eddng m\u1ee5c ti\u00eau<\/li>\n<li style=\"text-align: left;\">Ho\u1ea1ch \u0111\u1ecbnh chi\u1ebfn l\u01b0\u1ee3c th\u00e2m nh\u1eadp th\u1ecb tr\u01b0\u1eddng ph\u00f9 h\u1ee3p, m\u1edf r\u1ed9ng k\u00eanh ph\u00e2n ph\u1ed1i<\/li>\n<\/ul>\n\t\t\t<\/div>\n\t\t<\/div>\n\t<\/div>\n\t\n\t\t<\/div>\n\t\t\t\t\t<\/div>\n\n\t\n\n\t<div id=\"col-331753637\" class=\"col medium-4 small-12 large-4\"  >\n\t\t\t\t<div class=\"col-inner box-shadow-1\"  >\n\t\t\t\n\t\t\t\n\t<div class=\"box has-hover   has-hover box-text-bottom\" >\n\n\t\t<div class=\"box-image\" >\n\t\t\t\t\t\t<div class=\"image-cover\" style=\"padding-top:56.25%;\">\n\t\t\t\t<img width=\"800\" height=\"500\" src=\"https:\/\/phtd.com.vn\/wp-content\/uploads\/2023\/05\/112113811_logistics.jpg\" class=\"attachment- size-\" alt=\"\" decoding=\"async\" loading=\"lazy\" srcset=\"https:\/\/phtd.com.vn\/wp-content\/uploads\/2023\/05\/112113811_logistics.jpg 800w, https:\/\/phtd.com.vn\/wp-content\/uploads\/2023\/05\/112113811_logistics-640x400.jpg 640w, https:\/\/phtd.com.vn\/wp-content\/uploads\/2023\/05\/112113811_logistics-768x480.jpg 768w\" sizes=\"(max-width: 800px) 100vw, 800px\" \/>\t\t\t\t\t\t\t\t\t\t\t<\/div>\n\t\t\t\t\t<\/div>\n\n\t\t<div class=\"box-text text-center\" >\n\t\t\t<div class=\"box-text-inner\">\n\t\t\t\t\n<p><strong>D\u1ecbch v\u1ee5 logistic<br \/>\n<\/strong><\/p>\n<p style=\"text-align: left;\"><b>Xu\u1ea5t <\/b><b>Nh\u1eadp kh\u1ea9u<\/b><\/p>\n<ul style=\"text-align: left;\">\n<li>\u0110\u0103ng k\u00fd s\u1ea3n ph\u1ea9m<\/li>\n<li>T\u01b0 v\u1ea5n v\u00e0 X\u1eed l\u00fd th\u1ee7 t\u1ee5c h\u1ea3i quan: h\u1ee3p chu\u1ea9n h\u1ee3p quy, th\u00f4ng quan,\u2026<\/li>\n<li>Th\u1ef1c hi\u1ec7n v\u1eadn chuy\u1ec3n v\u00e0 l\u01b0u tr\u1eef h\u00e0ng h\u00f3a<\/li>\n<\/ul>\n<p style=\"text-align: left;\"><b>Kho <\/b><b>b\u00e3i<\/b><b> &amp; Giao h\u00e0ng<\/b><\/p>\n<ul>\n<li style=\"text-align: left;\">H\u1ec7 th\u1ed1ng kho b\u00e3i di\u1ec7n t\u00edch l\u1edbn, ti\u00eau chu\u1ea9n t\u1ea1i 04 t\u1ec9nh th\u00e0nh H\u1ed3 Ch\u00ed Minh, H\u00e0 N\u1ed9i, \u0110\u00e0 N\u1eb5ng, C\u1ea7n Th\u01a1<\/li>\n<li style=\"text-align: left;\">H\u1ec7 th\u1ed1ng qu\u1ea3n l\u00fd h\u00e0ng h\u00f3a ERP chuy\u00ean nghi\u1ec7p, hi\u1ec7n \u0111\u1ea1i<\/li>\n<li style=\"text-align: left;\">Cung c\u1ea5p c\u00e1c d\u1ecbch v\u1ee5 li\u00ean quan \u0111\u1ebfn h\u00e0ng ho\u00e1 nh\u01b0: \u0111\u00f3ng g\u00f3i, d\u00e1n nh\u00e3n, l\u01b0u kho,\u2026<\/li>\n<li style=\"text-align: left;\">\u0110\u1ed9i ng\u0169 nh\u00e2n s\u1ef1 c\u00f3 chuy\u00ean m\u00f4n nghi\u1ec7p v\u1ee5 kho v\u1eadn, quy tr\u00ecnh khai th\u00e1c h\u00e0ng h\u00f3a khoa h\u1ecdc, ch\u00ednh x\u00e1c<\/li>\n<\/ul>\n\t\t\t<\/div>\n\t\t<\/div>\n\t<\/div>\n\t\n\t\t<\/div>\n\t\t\t\t\t<\/div>\n\n\t\n\n\t<div id=\"col-831206115\" class=\"col medium-4 small-12 large-4\"  >\n\t\t\t\t<div class=\"col-inner box-shadow-1\"  >\n\t\t\t\n\t\t\t\n\t<div class=\"box has-hover   has-hover box-text-bottom\" >\n\n\t\t<div class=\"box-image\" >\n\t\t\t\t\t\t<div class=\"image-cover\" style=\"padding-top:56.25%;\">\n\t\t\t\t<img width=\"1000\" height=\"964\" src=\"https:\/\/phtd.com.vn\/wp-content\/uploads\/2023\/05\/41_KTKU.jpg\" class=\"attachment- size-\" alt=\"\" decoding=\"async\" loading=\"lazy\" srcset=\"https:\/\/phtd.com.vn\/wp-content\/uploads\/2023\/05\/41_KTKU.jpg 1000w, https:\/\/phtd.com.vn\/wp-content\/uploads\/2023\/05\/41_KTKU-415x400.jpg 415w, https:\/\/phtd.com.vn\/wp-content\/uploads\/2023\/05\/41_KTKU-830x800.jpg 830w, https:\/\/phtd.com.vn\/wp-content\/uploads\/2023\/05\/41_KTKU-768x740.jpg 768w\" sizes=\"(max-width: 1000px) 100vw, 1000px\" \/>\t\t\t\t\t\t\t\t\t\t\t<\/div>\n\t\t\t\t\t<\/div>\n\n\t\t<div class=\"box-text text-center\" >\n\t\t\t<div class=\"box-text-inner\">\n\t\t\t\t\n<p><strong>N\u0103ng l\u1ef1c t\u00e0i ch\u00ednh<br \/>\n<\/strong><\/p>\n<ul>\n<li style=\"text-align: left;\">Ngu\u1ed3n l\u1ef1c t\u00e0i ch\u00ednh m\u1ea1nh m\u1ebd, \u0111\u01b0\u1ee3c s\u1ef1 h\u1ed7 tr\u1ee3 c\u1ee7a c\u00e1c ng\u00e2n h\u00e0ng l\u1edbn trong v\u00e0 ngo\u00e0i n\u01b0\u1edbc<\/li>\n<li style=\"text-align: left;\">Thi\u1ebft l\u1eadp d\u1ecbch v\u1ee5 t\u00e0i ch\u00ednh, c\u00f4ng n\u1ee3 c\u1ea1nh tranh, linh ho\u1ea1t cho \u0111\u1ed1i t\u00e1c<\/li>\n<\/ul>\n\t\t\t<\/div>\n\t\t<\/div>\n\t<\/div>\n\t\n\t\t<\/div>\n\t\t\t\t\t<\/div>\n\n\t\n<\/div>\n\t\t<\/div>\n\n\t\t\n<style>\n#section_646687685 {\n  padding-top: 30px;\n  padding-bottom: 30px;\n}\n#section_646687685 .ux-shape-divider--top svg {\n  height: 150px;\n  --divider-top-width: 100%;\n}\n#section_646687685 .ux-shape-divider--bottom svg {\n  height: 150px;\n  --divider-width: 100%;\n}\n<\/style>\n\t<\/section>\n\t\n\t<section class=\"section\" id=\"section_936423605\">\n\t\t<div class=\"bg section-bg fill bg-fill  bg-loaded\" >\n\n\t\t\t\n\t\t\t\n\t\t\t\n\n\t\t<\/div>\n\n\t\t\n\n\t\t<div class=\"section-content relative\">\n\t\t\t\n<div class=\"row\"  id=\"row-282091114\">\n\n\t<div id=\"col-1401285107\" class=\"col small-12 large-12\"  >\n\t\t\t\t<div class=\"col-inner\"  >\n\t\t\t\n\t\t\t\n<div class=\"container section-title-container\" ><h3 class=\"section-title section-title-normal\"><b><\/b><span class=\"section-title-main\" >D\u1ecbch v\u1ee5 fulfillment<\/span><b><\/b><\/h3><\/div>\n<div class=\"row\"  id=\"row-520176684\">\n\n\t<div id=\"col-1204450487\" class=\"col medium-4 small-12 large-4\"  >\n\t\t\t\t<div class=\"col-inner box-shadow-1\"  >\n\t\t\t\n\t\t\t\n\t<div class=\"box has-hover   has-hover box-text-bottom\" >\n\n\t\t<div class=\"box-image\" >\n\t\t\t\t\t\t<div class=\"image-cover\" style=\"padding-top:56.25%;\">\n\t\t\t\t<img width=\"896\" height=\"504\" src=\"https:\/\/phtd.com.vn\/wp-content\/uploads\/2023\/05\/luu-kho-hang-hoa.jpg\" class=\"attachment- size-\" alt=\"\" decoding=\"async\" loading=\"lazy\" srcset=\"https:\/\/phtd.com.vn\/wp-content\/uploads\/2023\/05\/luu-kho-hang-hoa.jpg 896w, https:\/\/phtd.com.vn\/wp-content\/uploads\/2023\/05\/luu-kho-hang-hoa-711x400.jpg 711w, https:\/\/phtd.com.vn\/wp-content\/uploads\/2023\/05\/luu-kho-hang-hoa-768x432.jpg 768w\" sizes=\"(max-width: 896px) 100vw, 896px\" \/>\t\t\t\t\t\t\t\t\t\t\t<\/div>\n\t\t\t\t\t<\/div>\n\n\t\t<div class=\"box-text text-center\" >\n\t\t\t<div class=\"box-text-inner\">\n\t\t\t\t\n<p><strong>Nh\u1eadp kh\u1ea9u &#038; L\u01b0u kho<br \/>\n<\/strong><\/p>\n<ul>\n<li style=\"text-align: left;\">X\u1eed l\u00fd th\u1ee7 t\u1ee5c h\u1ea3i quan: h\u1ee3p chu\u1ea9n h\u1ee3p quy, th\u00f4ng quan,\u2026<\/li>\n<li style=\"text-align: left;\">Th\u1ef1c hi\u1ec7n v\u1eadn chuy\u1ec3n v\u00e0 l\u01b0u tr\u1eef h\u00e0ng h\u00f3a t\u1ea1i kho<\/li>\n<\/ul>\n\t\t\t<\/div>\n\t\t<\/div>\n\t<\/div>\n\t\n\t\t<\/div>\n\t\t\t\t\t<\/div>\n\n\t\n\n\t<div id=\"col-2002910287\" class=\"col medium-4 small-12 large-4\"  >\n\t\t\t\t<div class=\"col-inner box-shadow-1\"  >\n\t\t\t\n\t\t\t\n\t<div class=\"box has-hover   has-hover box-text-bottom\" >\n\n\t\t<div class=\"box-image\" >\n\t\t\t\t\t\t<div class=\"image-cover\" style=\"padding-top:56.25%;\">\n\t\t\t\t<img width=\"1024\" height=\"605\" src=\"https:\/\/phtd.com.vn\/wp-content\/uploads\/2023\/05\/Logistic-la-gi_1109185729.jpg\" class=\"attachment- size-\" alt=\"\" decoding=\"async\" loading=\"lazy\" srcset=\"https:\/\/phtd.com.vn\/wp-content\/uploads\/2023\/05\/Logistic-la-gi_1109185729.jpg 1024w, https:\/\/phtd.com.vn\/wp-content\/uploads\/2023\/05\/Logistic-la-gi_1109185729-677x400.jpg 677w, https:\/\/phtd.com.vn\/wp-content\/uploads\/2023\/05\/Logistic-la-gi_1109185729-768x454.jpg 768w\" sizes=\"(max-width: 1024px) 100vw, 1024px\" \/>\t\t\t\t\t\t\t\t\t\t\t<\/div>\n\t\t\t\t\t<\/div>\n\n\t\t<div class=\"box-text text-center\" >\n\t\t\t<div class=\"box-text-inner\">\n\t\t\t\t\n<p><strong>Logistic<\/p>\n<p><\/strong><\/p>\n<ul>\n<li style=\"text-align: left;\">Qu\u1ea3n l\u00fd \u0111\u01a1n \u0111\u1eb7t h\u00e0ng<\/li>\n<li style=\"text-align: left;\">Giao h\u00e0ng \u0111\u1ebfn c\u00e1c \u0111\u1ea1i l\u00fd tr\u00ean to\u00e0n qu\u1ed1c<\/li>\n<li style=\"text-align: left;\">X\u1eed l\u00fd c\u00e1c v\u1ea5n \u0111\u1ec1 ph\u00e1t sinh v\u1ec1 \u0111\u01a1n h\u00e0ng, sau b\u00e1n h\u00e0ng<\/li>\n<\/ul>\n\t\t\t<\/div>\n\t\t<\/div>\n\t<\/div>\n\t\n\t\t<\/div>\n\t\t\t\t\t<\/div>\n\n\t\n\n\t<div id=\"col-752607480\" class=\"col medium-4 small-12 large-4\"  >\n\t\t\t\t<div class=\"col-inner box-shadow-1\"  >\n\t\t\t\n\t\t\t\n\t<div class=\"box has-hover   has-hover box-text-bottom\" >\n\n\t\t<div class=\"box-image\" >\n\t\t\t\t\t\t<div class=\"image-cover\" style=\"padding-top:56.25%;\">\n\t\t\t\t<img width=\"1480\" height=\"1032\" src=\"https:\/\/phtd.com.vn\/wp-content\/uploads\/2023\/05\/bao-cao-tai-chinh-cua-don-vi-ke-toan-theo-luat-ke-toan-nam-2015_NUTG.jpg\" class=\"attachment- size-\" alt=\"\" decoding=\"async\" loading=\"lazy\" srcset=\"https:\/\/phtd.com.vn\/wp-content\/uploads\/2023\/05\/bao-cao-tai-chinh-cua-don-vi-ke-toan-theo-luat-ke-toan-nam-2015_NUTG.jpg 1480w, https:\/\/phtd.com.vn\/wp-content\/uploads\/2023\/05\/bao-cao-tai-chinh-cua-don-vi-ke-toan-theo-luat-ke-toan-nam-2015_NUTG-574x400.jpg 574w, https:\/\/phtd.com.vn\/wp-content\/uploads\/2023\/05\/bao-cao-tai-chinh-cua-don-vi-ke-toan-theo-luat-ke-toan-nam-2015_NUTG-1147x800.jpg 1147w, https:\/\/phtd.com.vn\/wp-content\/uploads\/2023\/05\/bao-cao-tai-chinh-cua-don-vi-ke-toan-theo-luat-ke-toan-nam-2015_NUTG-768x536.jpg 768w\" sizes=\"(max-width: 1480px) 100vw, 1480px\" \/>\t\t\t\t\t\t\t\t\t\t\t<\/div>\n\t\t\t\t\t<\/div>\n\n\t\t<div class=\"box-text text-center\" >\n\t\t\t<div class=\"box-text-inner\">\n\t\t\t\t\n<p><strong>T\u00edn d\u1ee5ng cho \u0111\u1ea1i l\u00fd<br \/>\n<\/strong><\/p>\n<ul>\n<li style=\"text-align: left;\">Thi\u1ebft l\u1eadp d\u1ecbch v\u1ee5 t\u00e0i ch\u00ednh, c\u00f4ng n\u1ee3 c\u1ea1nh tranh, linh ho\u1ea1t cho \u0111\u1ed1i t\u00e1c<\/li>\n<\/ul>\n\t\t\t<\/div>\n\t\t<\/div>\n\t<\/div>\n\t\n\t\t<\/div>\n\t\t\t\t\t<\/div>\n\n\t\n<\/div>\n\t\t<\/div>\n\t\t\t\t\t<\/div>\n\n\t\n<\/div>\n\t\t<\/div>\n\n\t\t\n<style>\n#section_936423605 {\n  padding-top: 0px;\n  padding-bottom: 0px;\n}\n#section_936423605 .ux-shape-divider--top svg {\n  height: 150px;\n  --divider-top-width: 100%;\n}\n#section_936423605 .ux-shape-divider--bottom svg {\n  height: 150px;\n  --divider-width: 100%;\n}\n<\/style>\n\t<\/section>\n\t\n\t<section class=\"section\" id=\"section_2056557256\">\n\t\t<div class=\"bg section-bg fill bg-fill  bg-loaded\" >\n\n\t\t\t\n\t\t\t\n\t\t\t\n\n\t\t<\/div>\n\n\t\t\n\n\t\t<div class=\"section-content relative\">\n\t\t\t\n<div class=\"row\"  id=\"row-636470528\">\n\n\t<div id=\"col-1243215835\" class=\"col small-12 large-12\"  >\n\t\t\t\t<div class=\"col-inner\"  >\n\t\t\t\n\t\t\t\n<div class=\"container section-title-container\" ><h3 class=\"section-title section-title-normal\"><b><\/b><span class=\"section-title-main\" >Ng\u00e0nh h\u00e0ng<\/span><b><\/b><\/h3><\/div>\n<div class=\"row\"  id=\"row-271112887\">\n\n\t<div id=\"col-696921049\" class=\"col medium-4 small-12 large-4\"  >\n\t\t\t\t<div class=\"col-inner box-shadow-1\"  >\n\t\t\t\n\t\t\t\n\t<div class=\"box has-hover   has-hover box-text-bottom\" >\n\n\t\t<div class=\"box-image\" >\n\t\t\t\t\t\t<div class=\"image-cover\" style=\"padding-top:56.25%;\">\n\t\t\t\t<img width=\"1280\" height=\"720\" src=\"https:\/\/phtd.com.vn\/wp-content\/uploads\/2023\/05\/maxresdefault.jpg\" class=\"attachment- size-\" alt=\"\" decoding=\"async\" loading=\"lazy\" srcset=\"https:\/\/phtd.com.vn\/wp-content\/uploads\/2023\/05\/maxresdefault.jpg 1280w, https:\/\/phtd.com.vn\/wp-content\/uploads\/2023\/05\/maxresdefault-711x400.jpg 711w, https:\/\/phtd.com.vn\/wp-content\/uploads\/2023\/05\/maxresdefault-768x432.jpg 768w\" sizes=\"(max-width: 1280px) 100vw, 1280px\" \/>\t\t\t\t\t\t\t\t\t\t\t<\/div>\n\t\t\t\t\t<\/div>\n\n\t\t<div class=\"box-text text-center\" >\n\t\t\t<div class=\"box-text-inner\">\n\t\t\t\t\n<p><strong>\u0110i\u1ec7n tho\u1ea1i: APPLE. REALME, TECHNO<\/strong><\/p>\n<ul>\n<li style=\"text-align: left;\">X\u1eed l\u00fd th\u1ee7 t\u1ee5c h\u1ea3i quan: h\u1ee3p chu\u1ea9n h\u1ee3p quy, th\u00f4ng quan,\u2026<\/li>\n<li style=\"text-align: left;\">Th\u1ef1c hi\u1ec7n v\u1eadn chuy\u1ec3n v\u00e0 l\u01b0u tr\u1eef h\u00e0ng h\u00f3a t\u1ea1i kho<\/li>\n<\/ul>\n\t\t\t<\/div>\n\t\t<\/div>\n\t<\/div>\n\t\n\t\t<\/div>\n\t\t\t\t\t<\/div>\n\n\t\n\n\t<div id=\"col-1403295230\" class=\"col medium-4 small-12 large-4\"  >\n\t\t\t\t<div class=\"col-inner box-shadow-1\"  >\n\t\t\t\n\t\t\t\n\t<div class=\"box has-hover   has-hover box-text-bottom\" >\n\n\t\t<div class=\"box-image\" >\n\t\t\t\t\t\t<div class=\"image-cover\" style=\"padding-top:56.25%;\">\n\t\t\t\t<img width=\"800\" height=\"450\" src=\"https:\/\/phtd.com.vn\/wp-content\/uploads\/2023\/05\/jfs1569842844.jpg\" class=\"attachment- size-\" alt=\"\" decoding=\"async\" loading=\"lazy\" srcset=\"https:\/\/phtd.com.vn\/wp-content\/uploads\/2023\/05\/jfs1569842844.jpg 800w, https:\/\/phtd.com.vn\/wp-content\/uploads\/2023\/05\/jfs1569842844-711x400.jpg 711w, https:\/\/phtd.com.vn\/wp-content\/uploads\/2023\/05\/jfs1569842844-768x432.jpg 768w\" sizes=\"(max-width: 800px) 100vw, 800px\" \/>\t\t\t\t\t\t\t\t\t\t\t<\/div>\n\t\t\t\t\t<\/div>\n\n\t\t<div class=\"box-text text-center\" >\n\t\t\t<div class=\"box-text-inner\">\n\t\t\t\t\n<p><strong>IT &amp; Thi\u1ebft b\u1ecb v\u0103n ph\u00f2ng: ITEL,<\/strong><\/p>\n<ul>\n<li style=\"text-align: left;\">Qu\u1ea3n l\u00fd \u0111\u01a1n \u0111\u1eb7t h\u00e0ng<\/li>\n<li style=\"text-align: left;\">Giao h\u00e0ng \u0111\u1ebfn c\u00e1c \u0111\u1ea1i l\u00fd tr\u00ean to\u00e0n qu\u1ed1c<\/li>\n<li style=\"text-align: left;\">X\u1eed l\u00fd c\u00e1c v\u1ea5n \u0111\u1ec1 ph\u00e1t sinh v\u1ec1 \u0111\u01a1n h\u00e0ng, sau b\u00e1n h\u00e0ng<\/li>\n<\/ul>\n\t\t\t<\/div>\n\t\t<\/div>\n\t<\/div>\n\t\n\t\t<\/div>\n\t\t\t\t\t<\/div>\n\n\t\n\n\t<div id=\"col-1975693582\" class=\"col medium-4 small-12 large-4\"  >\n\t\t\t\t<div class=\"col-inner box-shadow-1\"  >\n\t\t\t\n\t\t\t\n\t<div class=\"box has-hover   has-hover box-text-bottom\" >\n\n\t\t<div class=\"box-image\" >\n\t\t\t\t\t\t<div class=\"image-cover\" style=\"padding-top:56.25%;\">\n\t\t\t\t<img width=\"1125\" height=\"675\" src=\"https:\/\/phtd.com.vn\/wp-content\/uploads\/2023\/05\/phu-kien-dien-thoai-iphone-quan-2.jpg\" class=\"attachment- size-\" alt=\"\" decoding=\"async\" loading=\"lazy\" srcset=\"https:\/\/phtd.com.vn\/wp-content\/uploads\/2023\/05\/phu-kien-dien-thoai-iphone-quan-2.jpg 1125w, https:\/\/phtd.com.vn\/wp-content\/uploads\/2023\/05\/phu-kien-dien-thoai-iphone-quan-2-667x400.jpg 667w, https:\/\/phtd.com.vn\/wp-content\/uploads\/2023\/05\/phu-kien-dien-thoai-iphone-quan-2-768x461.jpg 768w\" sizes=\"(max-width: 1125px) 100vw, 1125px\" \/>\t\t\t\t\t\t\t\t\t\t\t<\/div>\n\t\t\t\t\t<\/div>\n\n\t\t<div class=\"box-text text-center\" >\n\t\t\t<div class=\"box-text-inner\">\n\t\t\t\t\n<p><strong>Ph\u1ee5 ki\u1ec7n<\/strong><\/p>\n<ul>\n<li style=\"text-align: left;\">Thi\u1ebft l\u1eadp d\u1ecbch v\u1ee5 t\u00e0i ch\u00ednh, c\u00f4ng n\u1ee3 c\u1ea1nh tranh, linh ho\u1ea1t cho \u0111\u1ed1i t\u00e1c<\/li>\n<\/ul>\n\t\t\t<\/div>\n\t\t<\/div>\n\t<\/div>\n\t\n\t\t<\/div>\n\t\t\t\t\t<\/div>\n\n\t\n<\/div>\n<div class=\"row\"  id=\"row-1080176766\">\n\n\t<div id=\"col-74826384\" class=\"col small-12 large-12\"  >\n\t\t\t\t<div class=\"col-inner\"  >\n\t\t\t\n\t\t\t\n<p style=\"text-align: center;\">PHTD hi\u1ec7n \u0111ang l\u00e0 nh\u00e0 ph\u00e2n ph\u1ed1i ch\u1ec9nh th\u1ee9c c\u00e1c s\u1ea3n ph\u1ea9m Apple t\u1ea1i th\u1ecb tr\u01b0\u1eddng vi\u1ec7t nam, bao g\u1ed3m: iPhone, Apple watch v\u00e0 wearable.<\/p>\n\t\t<\/div>\n\t\t\t\t\t<\/div>\n\n\t\n<\/div>\n\t\t<\/div>\n\t\t\t\t\t<\/div>\n\n\t\n<\/div>\n\t\t<\/div>\n\n\t\t\n<style>\n#section_2056557256 {\n  padding-top: 0px;\n  padding-bottom: 0px;\n}\n#section_2056557256 .ux-shape-divider--top svg {\n  height: 150px;\n  --divider-top-width: 100%;\n}\n#section_2056557256 .ux-shape-divider--bottom svg {\n  height: 150px;\n  --divider-width: 100%;\n}\n<\/style>\n\t<\/section>\n\t\n\n\n","protected":false},"excerpt":{"rendered":"","protected":false},"author":1,"featured_media":0,"parent":0,"menu_order":0,"comment_status":"closed","ping_status":"closed","template":"page-transparent-header.php","meta":[],"acf":[],"_links":{"self":[{"href":"https:\/\/phtd.com.vn\/en\/wp-json\/wp\/v2\/pages\/1412"}],"collection":[{"href":"https:\/\/phtd.com.vn\/en\/wp-json\/wp\/v2\/pages"}],"about":[{"href":"https:\/\/phtd.com.vn\/en\/wp-json\/wp\/v2\/types\/page"}],"author":[{"embeddable":true,"href":"https:\/\/phtd.com.vn\/en\/wp-json\/wp\/v2\/users\/1"}],"replies":[{"embeddable":true,"href":"https:\/\/phtd.com.vn\/en\/wp-json\/wp\/v2\/comments?post=1412"}],"version-history":[{"count":25,"href":"https:\/\/phtd.com.vn\/en\/wp-json\/wp\/v2\/pages\/1412\/revisions"}],"predecessor-version":[{"id":1894,"href":"https:\/\/phtd.com.vn\/en\/wp-json\/wp\/v2\/pages\/1412\/revisions\/1894"}],"wp:attachment":[{"href":"https:\/\/phtd.com.vn\/en\/wp-json\/wp\/v2\/media?parent=1412"}],"curies":[{"name":"wp","href":"https:\/\/api.w.org\/{rel}","templated":true}]}}